{"id":297,"date":"2022-09-15T08:53:18","date_gmt":"2022-09-15T08:53:18","guid":{"rendered":"https:\/\/www.outinhyvinvointi.fi\/?page_id=297"},"modified":"2024-07-03T19:59:24","modified_gmt":"2024-07-03T19:59:24","slug":"polkujuoksu","status":"publish","type":"page","link":"https:\/\/www.outinhyvinvointi.fi\/index.php\/polkujuoksu\/","title":{"rendered":"POLKUJUOKSU"},"content":{"rendered":"<div class=\"n2_clear\"><ss3-force-full-width data-overflow-x=\"body\" data-horizontal-selector=\"body\"><div class=\"n2-section-smartslider fitvidsignore  n2_clear\" data-ssid=\"10\" tabindex=\"0\" role=\"region\" aria-label=\"Slider\"><div id=\"n2-ss-10-align\" class=\"n2-ss-align\"><div class=\"n2-padding\"><div id=\"n2-ss-10\" data-creator=\"Smart Slider 3\" data-responsive=\"fullwidth\" class=\"n2-ss-slider n2-ow n2-has-hover n2notransition  \"><div class=\"n2-ss-slider-wrapper-outside\" style=\"grid-template-rows:1fr auto\">\n        <div class=\"n2-ss-slider-1 n2-ow\">\n            <div class=\"n2-ss-slider-2 n2-ow\">\n                <div class=\"n2-ss-slide-backgrounds n2-ow-all\"><div class=\"n2-ss-slide-background\" data-public-id=\"1\" data-mode=\"fill\"><div data-color=\"RGBA(236,135,192,0.1)\" style=\"background-color: RGBA(236,135,192,0.1);\" class=\"n2-ss-slide-background-color\"><\/div><\/div><\/div>                <div class=\"n2-ss-slider-3 n2-ow\">\n                    <svg xmlns=\"http:\/\/www.w3.org\/2000\/svg\" viewBox=\"0 0 1200 200\" data-related-device=\"desktopPortrait\" class=\"n2-ow n2-ss-preserve-size n2-ss-preserve-size--slider n2-ss-slide-limiter\"><\/svg><div data-first=\"1\" data-slide-duration=\"0\" data-id=\"20\" data-slide-public-id=\"1\" data-title=\"Slide\" class=\"n2-ss-slide n2-ow  n2-ss-slide-20\"><div role=\"note\" class=\"n2-ss-slide--focus\" tabindex=\"-1\">Slide<\/div><div class=\"n2-ss-layers-container n2-ss-slide-limiter n2-ow\"><div class=\"n2-ss-layer n2-ow n-uc-qOsG3mysT9uy\" data-sstype=\"slide\" data-pm=\"default\"><div class=\"n2-ss-layer n2-ow n-uc-115ebbdb3da08\" data-pm=\"default\" data-sstype=\"content\" data-hasbackground=\"0\"><div class=\"n2-ss-section-main-content n2-ss-layer-with-background n2-ss-layer-content n2-ow n-uc-115ebbdb3da08-inner\"><div class=\"n2-ss-layer n2-ow n2-ss-layer--block n2-ss-has-self-align n-uc-1cd9601bfb562\" data-pm=\"normal\" data-sstype=\"row\"><div class=\"n2-ss-layer-row n2-ss-layer-with-background n-uc-1cd9601bfb562-inner\"><div class=\"n2-ss-layer-row-inner \"><div class=\"n2-ss-layer n2-ow n-uc-1ea4156ea6290\" data-pm=\"default\" data-sstype=\"col\"><div class=\"n2-ss-layer-col n2-ss-layer-with-background n2-ss-layer-content n-uc-1ea4156ea6290-inner\"><div class=\"n2-ss-layer n2-ow n-uc-13f9476308665\" data-pm=\"normal\" data-sstype=\"layer\"><div class=\"n2-ss-item-content n2-ss-text n2-ow-all\"><div class=\"\"><p class=\"n2-font-8ec4af9963383607c050e23b568e02bf-paragraph   \">&#8221; Itselleni polkujuoksu tuo mielenrauhaa ja keinon p\u00e4\u00e4st\u00e4 irti arjen ja ty\u00f6el\u00e4m\u00e4n stressist\u00e4.&#8221; <\/p>\n<\/div><\/div><\/div><\/div><\/div><div class=\"n2-ss-layer n2-ow n-uc-1136c318d72f7\" data-pm=\"default\" data-sstype=\"col\"><div class=\"n2-ss-layer-col n2-ss-layer-with-background n2-ss-layer-content n-uc-1136c318d72f7-inner\"><div class=\"n2-ss-layer n2-ow n-uc-1f519afb3c3fc\" data-pm=\"normal\" data-sstype=\"layer\"><div class=\" n2-ss-item-image-content n2-ss-item-content n2-ow-all\"><img loading=\"lazy\" decoding=\"async\" id=\"n2-ss-10item2\" alt=\"\" class=\"skip-lazy\" width=\"533\" height=\"800\" data-skip-lazy=\"1\" src=\"\/\/www.outinhyvinvointi.fi\/wp-content\/uploads\/2022\/10\/Out-In-kuvaa-9-1-1.png\" \/><\/div><\/div><\/div><\/div><\/div><\/div><\/div><\/div><\/div><\/div><\/div><\/div>                <\/div>\n                            <\/div>\n        <\/div>\n        <div class=\"n2-ss-slider-controls n2-ss-slider-controls-below\"><div class=\"n2-ss-widget nextend-shadow n2-ow-all\" data-hide-mobileportrait=\"1\"><img decoding=\"async\" width=\"1120\" height=\"50\" style=\"display: block; width:100%;max-width:none;\" class=\"nextend-shadow-image skip-lazy\" loading=\"lazy\" data-skip-lazy=\"1\" src=\"https:\/\/www.outinhyvinvointi.fi\/wp-content\/plugins\/smart-slider-3\/Public\/SmartSlider3\/Widget\/Shadow\/ShadowImage\/Assets\/shadow\/centered.png\" alt=\"Shadow\"><\/div><\/div><\/div><\/div><ss3-loader><\/ss3-loader><\/div><\/div><div class=\"n2_clear\"><\/div><\/div><\/ss3-force-full-width><\/div>\n\n<div class=\"n2_clear\"><ss3-force-full-width data-overflow-x=\"body\" data-horizontal-selector=\"body\"><div class=\"n2-section-smartslider fitvidsignore  n2_clear\" data-ssid=\"13\" tabindex=\"0\" role=\"region\" aria-label=\"Slider\"><div id=\"n2-ss-13-align\" class=\"n2-ss-align\"><div class=\"n2-padding\"><div id=\"n2-ss-13\" data-creator=\"Smart Slider 3\" data-responsive=\"fullwidth\" class=\"n2-ss-slider n2-ow n2-has-hover n2notransition  \">\n        <div class=\"n2-ss-slider-1 n2-ow\">\n            <div class=\"n2-ss-slider-2 n2-ow\">\n                <div class=\"n2-ss-slide-backgrounds n2-ow-all\"><div class=\"n2-ss-slide-background\" data-public-id=\"1\" data-mode=\"fill\"><div data-color=\"RGBA(255,255,255,0)\" style=\"background-color: RGBA(255,255,255,0);\" class=\"n2-ss-slide-background-color\"><\/div><\/div><\/div>                <div class=\"n2-ss-slider-3 n2-ow\">\n                    <svg xmlns=\"http:\/\/www.w3.org\/2000\/svg\" viewBox=\"0 0 1400 700\" data-related-device=\"desktopPortrait\" class=\"n2-ow n2-ss-preserve-size n2-ss-preserve-size--slider n2-ss-slide-limiter\"><\/svg><div data-first=\"1\" data-slide-duration=\"0\" data-id=\"35\" data-slide-public-id=\"1\" data-title=\"Slide\" class=\"n2-ss-slide n2-ow  n2-ss-slide-35\"><div role=\"note\" class=\"n2-ss-slide--focus\" tabindex=\"-1\">Slide<\/div><div class=\"n2-ss-layers-container n2-ss-slide-limiter n2-ow\"><div class=\"n2-ss-layer n2-ow n-uc-pLknaA7sSn2f\" data-sstype=\"slide\" data-pm=\"default\"><div class=\"n2-ss-layer n2-ow n-uc-115ebbdb3da08\" data-pm=\"default\" data-sstype=\"content\" data-hasbackground=\"0\"><div class=\"n2-ss-section-main-content n2-ss-layer-with-background n2-ss-layer-content n2-ow n-uc-115ebbdb3da08-inner\"><div class=\"n2-ss-layer n2-ow n2-ss-layer--block n2-ss-has-self-align n-uc-178d52bb8ca6d\" data-pm=\"normal\" data-sstype=\"row\"><div class=\"n2-ss-layer-row n2-ss-layer-with-background n-uc-178d52bb8ca6d-inner\"><div class=\"n2-ss-layer-row-inner \"><div class=\"n2-ss-layer n2-ow n-uc-1cec62a9f82d9\" data-pm=\"default\" data-sstype=\"col\"><div class=\"n2-ss-layer-col n2-ss-layer-with-background n2-ss-layer-content n-uc-1cec62a9f82d9-inner\"><div class=\"n2-ss-layer n2-ow n-uc-14cd6422de00f\" data-pm=\"normal\" data-sstype=\"layer\"><div id=\"n2-ss-13item1\" class=\"n2-font-23b5153332b1938d064f31e0eb61d0fd-hover   n2-ss-item-content n2-ss-text n2-ow\" style=\"display:block;\">Polkujuoksu<\/div><\/div><div class=\"n2-ss-layer n2-ow n-uc-106cf63bdf21f\" data-pm=\"normal\" data-sstype=\"layer\"><div class=\"n2-ss-item-content n2-ss-text n2-ow-all\"><div class=\"\"><p class=\"n2-font-3eefc2339271c8d60834ced4f0e9d069-paragraph   \">Polkujuoksu (trail running) on luontoliikuntaa, jossa nimens\u00e4 mukaisesti juostaan poluilla. Polkujuoksu on monipuolinen laji, sill\u00e4 siin\u00e4 tarvitaan ketteryytt\u00e4, koordinaatiota, kest\u00e4vyytt\u00e4 ja tasapainoakin. Vaihteleva maasto vahvistaa my\u00f6s kehon eri lihaksia monipuolisesti.<br \/>\nPolkujuoksu maastot ovat hyvin erilaisia. Voidaan juosta mets\u00e4ss\u00e4, juurakossa, pelloilla tai kallioilla.<br \/>\nPolkujuoksussa vauhti, rasitus ja maisemat vaihtelevat polkujen ja korkeuserojen mukaan. Jokainen juoksuaskel on erilainen, kun askel mukautuu juostavaan maastoon ja alustaan. T\u00e4m\u00e4n takia rasitusvammojen riski on pienempi asfaltilla juoksuun verrattuna.<br \/>\nKiinnostuitko polkujuoksusta? Ota yhteytt\u00e4, niin suunnitellaan sinulle henkil\u00f6kohtainen valmennus oma tausta huomioiden. Valmennan erityisesti aloittelijoita.<br \/>\nJos haluaisit tulla polkujuoksu ryhm\u00e4\u00e4n, j\u00e4t\u00e4 yhteystietosi yhteyslomakkeella,<br \/>\nniin otan yhteytt\u00e4 seuraavan ryhm\u00e4n alkaessa.<br \/>\nIlmoitan ajankohtaista sivustolla polkujuoksu ryhmien alkamisesta.<\/p>\n<\/div><\/div><\/div><\/div><\/div><div class=\"n2-ss-layer n2-ow n-uc-169862bf4b58c\" data-pm=\"default\" data-sstype=\"col\"><div class=\"n2-ss-layer-col n2-ss-layer-with-background n2-ss-layer-content n-uc-169862bf4b58c-inner\"><div class=\"n2-ss-layer n2-ow n-uc-1806014f9eb0d\" data-pm=\"normal\" data-sstype=\"layer\"><div class=\" n2-ss-item-image-content n2-ss-item-content n2-ow-all\"><img loading=\"lazy\" decoding=\"async\" id=\"n2-ss-13item3\" alt=\"\" class=\"skip-lazy\" width=\"533\" height=\"800\" data-skip-lazy=\"1\" src=\"\/\/www.outinhyvinvointi.fi\/wp-content\/uploads\/2023\/03\/Out-In-kuvaa-4-2.png\" \/><\/div><\/div><\/div><\/div><\/div><\/div><\/div><\/div><\/div><\/div><\/div><\/div>                <\/div>\n                            <\/div>\n        <\/div>\n        <\/div><ss3-loader><\/ss3-loader><\/div><\/div><div class=\"n2_clear\"><\/div><\/div><\/ss3-force-full-width><\/div>\n\n\n<div class=\"wp-block-buttons is-content-justification-center is-layout-flex wp-container-core-buttons-is-layout-1 wp-block-buttons-is-layout-flex\"><\/div>\n\n\n<style>.wp-block-kadence-advancedbtn.kb-btns297_9d5b95-5a{gap:var(--global-kb-gap-xs, 0.5rem );justify-content:center;align-items:center;}.kt-btns297_9d5b95-5a .kt-button{font-weight:normal;font-style:normal;}.kt-btns297_9d5b95-5a .kt-btn-wrap-0{margin-right:5px;}.wp-block-kadence-advancedbtn.kt-btns297_9d5b95-5a .kt-btn-wrap-0 .kt-button{color:#555555;border-color:#555555;}.wp-block-kadence-advancedbtn.kt-btns297_9d5b95-5a .kt-btn-wrap-0 .kt-button:hover, .wp-block-kadence-advancedbtn.kt-btns297_9d5b95-5a .kt-btn-wrap-0 .kt-button:focus{color:#ffffff;border-color:#444444;}.wp-block-kadence-advancedbtn.kt-btns297_9d5b95-5a .kt-btn-wrap-0 .kt-button::before{display:none;}.wp-block-kadence-advancedbtn.kt-btns297_9d5b95-5a .kt-btn-wrap-0 .kt-button:hover, .wp-block-kadence-advancedbtn.kt-btns297_9d5b95-5a .kt-btn-wrap-0 .kt-button:focus{background:#444444;}<\/style>\n<div class=\"wp-block-kadence-advancedbtn kb-buttons-wrap kb-btns297_9d5b95-5a\"><style>ul.menu .wp-block-kadence-advancedbtn .kb-btn297_229352-89.kb-button{width:initial;}.wp-block-kadence-advancedbtn .kb-btn297_229352-89.kb-button{color:#ffffff;background:#d4cca7;border-top-left-radius:10px;box-shadow:1px 1px 2px 0px rgba(0, 0, 0, 0.2);}.wp-block-kadence-advancedbtn .kb-btn297_229352-89.kb-button:hover, .wp-block-kadence-advancedbtn .kb-btn297_229352-89.kb-button:focus{background:#ddd398;}@media all and (max-width: 1024px){.kb-btn297_229352-89.kb-button .kb-svg-icon-wrap{display:block;}}<\/style><a class=\"kb-button kt-button button kb-btn297_229352-89 kt-btn-size-large kt-btn-width-type-auto kb-btn-global-inherit kt-btn-has-text-true kt-btn-has-svg-false wp-block-button__link wp-block-kadence-singlebtn\" href=\"https:\/\/www.outinhyvinvointi.fi\/index.php\/yhteydenottolomake\/\"><span class=\"kt-btn-inner-text\">Ota yhteytt\u00e4<\/span><\/a>\n\n<style>ul.menu .wp-block-kadence-advancedbtn .kb-btn297_a7d89c-c0.kb-button{width:initial;}.wp-block-kadence-advancedbtn .kb-btn297_a7d89c-c0.kb-button{color:#ffffff;background:#d4cca7;border-top-left-radius:10px;box-shadow:1px 1px 2px 0px rgba(0, 0, 0, 0.2);}.wp-block-kadence-advancedbtn .kb-btn297_a7d89c-c0.kb-button:hover, .wp-block-kadence-advancedbtn .kb-btn297_a7d89c-c0.kb-button:focus{background:#ddd398;}@media all and (max-width: 1024px){.kb-btn297_a7d89c-c0.kb-button .kb-svg-icon-wrap{display:block;}}<\/style><a class=\"kb-button kt-button button kb-btn297_a7d89c-c0 kt-btn-size-large kt-btn-width-type-auto kb-btn-global-inherit kt-btn-has-text-true kt-btn-has-svg-false wp-block-button__link wp-block-kadence-singlebtn\" href=\"https:\/\/www.outinhyvinvointi.fi\/index.php\/uutiskirje\/\"><span class=\"kt-btn-inner-text\">Tilaa uutiskirje<\/span><\/a><\/div>\n","protected":false},"excerpt":{"rendered":"","protected":false},"author":1,"featured_media":0,"parent":0,"menu_order":0,"comment_status":"closed","ping_status":"closed","template":"","meta":{"footnotes":""},"yoast_head":"<!-- This site is optimized with the Yoast SEO plugin v24.3 - https:\/\/yoast.com\/wordpress\/plugins\/seo\/ -->\n<title>POLKUJUOKSU - Out In<\/title>\n<meta name=\"description\" content=\"Liikunta ja hyvinvointi. Yin Jooga. Rentoutuminen. Ulkoilu. Yksil\u00f6valmennus. Personal trainer. Polkujuoksu. Ty\u00f6hyvinvointi. Tyky-p\u00e4iv\u00e4.\" \/>\n<meta name=\"robots\" content=\"index, follow, max-snippet:-1, max-image-preview:large, max-video-preview:-1\" \/>\n<link rel=\"canonical\" href=\"https:\/\/www.outinhyvinvointi.fi\/index.php\/polkujuoksu\/\" \/>\n<meta property=\"og:locale\" content=\"fi_FI\" \/>\n<meta property=\"og:type\" content=\"article\" \/>\n<meta property=\"og:title\" content=\"POLKUJUOKSU - Out In\" \/>\n<meta property=\"og:description\" content=\"Liikunta ja hyvinvointi. Yin Jooga. Rentoutuminen. Ulkoilu. Yksil\u00f6valmennus. Personal trainer. Polkujuoksu. Ty\u00f6hyvinvointi. Tyky-p\u00e4iv\u00e4.\" \/>\n<meta property=\"og:url\" content=\"https:\/\/www.outinhyvinvointi.fi\/index.php\/polkujuoksu\/\" \/>\n<meta property=\"og:site_name\" content=\"Out In\" \/>\n<meta property=\"article:modified_time\" content=\"2024-07-03T19:59:24+00:00\" \/>\n<meta name=\"twitter:card\" content=\"summary_large_image\" \/>\n<meta name=\"twitter:label1\" content=\"Arvioitu lukuaika\" \/>\n\t<meta name=\"twitter:data1\" content=\"1 minuutti\" \/>\n<script type=\"application\/ld+json\" class=\"yoast-schema-graph\">{\"@context\":\"https:\/\/schema.org\",\"@graph\":[{\"@type\":\"WebPage\",\"@id\":\"https:\/\/www.outinhyvinvointi.fi\/index.php\/polkujuoksu\/\",\"url\":\"https:\/\/www.outinhyvinvointi.fi\/index.php\/polkujuoksu\/\",\"name\":\"POLKUJUOKSU - Out In\",\"isPartOf\":{\"@id\":\"https:\/\/www.outinhyvinvointi.fi\/#website\"},\"datePublished\":\"2022-09-15T08:53:18+00:00\",\"dateModified\":\"2024-07-03T19:59:24+00:00\",\"description\":\"Liikunta ja hyvinvointi. Yin Jooga. Rentoutuminen. Ulkoilu. Yksil\u00f6valmennus. Personal trainer. Polkujuoksu. Ty\u00f6hyvinvointi. Tyky-p\u00e4iv\u00e4.\",\"breadcrumb\":{\"@id\":\"https:\/\/www.outinhyvinvointi.fi\/index.php\/polkujuoksu\/#breadcrumb\"},\"inLanguage\":\"fi\",\"potentialAction\":[{\"@type\":\"ReadAction\",\"target\":[\"https:\/\/www.outinhyvinvointi.fi\/index.php\/polkujuoksu\/\"]}]},{\"@type\":\"BreadcrumbList\",\"@id\":\"https:\/\/www.outinhyvinvointi.fi\/index.php\/polkujuoksu\/#breadcrumb\",\"itemListElement\":[{\"@type\":\"ListItem\",\"position\":1,\"name\":\"Etusivu\",\"item\":\"https:\/\/www.outinhyvinvointi.fi\/\"},{\"@type\":\"ListItem\",\"position\":2,\"name\":\"POLKUJUOKSU\"}]},{\"@type\":\"WebSite\",\"@id\":\"https:\/\/www.outinhyvinvointi.fi\/#website\",\"url\":\"https:\/\/www.outinhyvinvointi.fi\/\",\"name\":\"Out In\",\"description\":\"Liikunta ja hyvinvointipalvelut\",\"publisher\":{\"@id\":\"https:\/\/www.outinhyvinvointi.fi\/#organization\"},\"potentialAction\":[{\"@type\":\"SearchAction\",\"target\":{\"@type\":\"EntryPoint\",\"urlTemplate\":\"https:\/\/www.outinhyvinvointi.fi\/?s={search_term_string}\"},\"query-input\":{\"@type\":\"PropertyValueSpecification\",\"valueRequired\":true,\"valueName\":\"search_term_string\"}}],\"inLanguage\":\"fi\"},{\"@type\":\"Organization\",\"@id\":\"https:\/\/www.outinhyvinvointi.fi\/#organization\",\"name\":\"Out In\",\"url\":\"https:\/\/www.outinhyvinvointi.fi\/\",\"logo\":{\"@type\":\"ImageObject\",\"inLanguage\":\"fi\",\"@id\":\"https:\/\/www.outinhyvinvointi.fi\/#\/schema\/logo\/image\/\",\"url\":\"https:\/\/www.outinhyvinvointi.fi\/wp-content\/uploads\/2022\/09\/cropped-Out-In-hyvinvointi-logo-2.png\",\"contentUrl\":\"https:\/\/www.outinhyvinvointi.fi\/wp-content\/uploads\/2022\/09\/cropped-Out-In-hyvinvointi-logo-2.png\",\"width\":300,\"height\":181,\"caption\":\"Out In\"},\"image\":{\"@id\":\"https:\/\/www.outinhyvinvointi.fi\/#\/schema\/logo\/image\/\"}}]}<\/script>\n<!-- \/ Yoast SEO plugin. -->","yoast_head_json":{"title":"POLKUJUOKSU - Out In","description":"Liikunta ja hyvinvointi. Yin Jooga. Rentoutuminen. Ulkoilu. Yksil\u00f6valmennus. Personal trainer. Polkujuoksu. Ty\u00f6hyvinvointi. Tyky-p\u00e4iv\u00e4.","robots":{"index":"index","follow":"follow","max-snippet":"max-snippet:-1","max-image-preview":"max-image-preview:large","max-video-preview":"max-video-preview:-1"},"canonical":"https:\/\/www.outinhyvinvointi.fi\/index.php\/polkujuoksu\/","og_locale":"fi_FI","og_type":"article","og_title":"POLKUJUOKSU - Out In","og_description":"Liikunta ja hyvinvointi. Yin Jooga. Rentoutuminen. Ulkoilu. Yksil\u00f6valmennus. Personal trainer. Polkujuoksu. Ty\u00f6hyvinvointi. Tyky-p\u00e4iv\u00e4.","og_url":"https:\/\/www.outinhyvinvointi.fi\/index.php\/polkujuoksu\/","og_site_name":"Out In","article_modified_time":"2024-07-03T19:59:24+00:00","twitter_card":"summary_large_image","twitter_misc":{"Arvioitu lukuaika":"1 minuutti"},"schema":{"@context":"https:\/\/schema.org","@graph":[{"@type":"WebPage","@id":"https:\/\/www.outinhyvinvointi.fi\/index.php\/polkujuoksu\/","url":"https:\/\/www.outinhyvinvointi.fi\/index.php\/polkujuoksu\/","name":"POLKUJUOKSU - Out In","isPartOf":{"@id":"https:\/\/www.outinhyvinvointi.fi\/#website"},"datePublished":"2022-09-15T08:53:18+00:00","dateModified":"2024-07-03T19:59:24+00:00","description":"Liikunta ja hyvinvointi. Yin Jooga. Rentoutuminen. Ulkoilu. Yksil\u00f6valmennus. Personal trainer. Polkujuoksu. Ty\u00f6hyvinvointi. Tyky-p\u00e4iv\u00e4.","breadcrumb":{"@id":"https:\/\/www.outinhyvinvointi.fi\/index.php\/polkujuoksu\/#breadcrumb"},"inLanguage":"fi","potentialAction":[{"@type":"ReadAction","target":["https:\/\/www.outinhyvinvointi.fi\/index.php\/polkujuoksu\/"]}]},{"@type":"BreadcrumbList","@id":"https:\/\/www.outinhyvinvointi.fi\/index.php\/polkujuoksu\/#breadcrumb","itemListElement":[{"@type":"ListItem","position":1,"name":"Etusivu","item":"https:\/\/www.outinhyvinvointi.fi\/"},{"@type":"ListItem","position":2,"name":"POLKUJUOKSU"}]},{"@type":"WebSite","@id":"https:\/\/www.outinhyvinvointi.fi\/#website","url":"https:\/\/www.outinhyvinvointi.fi\/","name":"Out In","description":"Liikunta ja hyvinvointipalvelut","publisher":{"@id":"https:\/\/www.outinhyvinvointi.fi\/#organization"},"potentialAction":[{"@type":"SearchAction","target":{"@type":"EntryPoint","urlTemplate":"https:\/\/www.outinhyvinvointi.fi\/?s={search_term_string}"},"query-input":{"@type":"PropertyValueSpecification","valueRequired":true,"valueName":"search_term_string"}}],"inLanguage":"fi"},{"@type":"Organization","@id":"https:\/\/www.outinhyvinvointi.fi\/#organization","name":"Out In","url":"https:\/\/www.outinhyvinvointi.fi\/","logo":{"@type":"ImageObject","inLanguage":"fi","@id":"https:\/\/www.outinhyvinvointi.fi\/#\/schema\/logo\/image\/","url":"https:\/\/www.outinhyvinvointi.fi\/wp-content\/uploads\/2022\/09\/cropped-Out-In-hyvinvointi-logo-2.png","contentUrl":"https:\/\/www.outinhyvinvointi.fi\/wp-content\/uploads\/2022\/09\/cropped-Out-In-hyvinvointi-logo-2.png","width":300,"height":181,"caption":"Out In"},"image":{"@id":"https:\/\/www.outinhyvinvointi.fi\/#\/schema\/logo\/image\/"}}]}},"_links":{"self":[{"href":"https:\/\/www.outinhyvinvointi.fi\/index.php\/wp-json\/wp\/v2\/pages\/297"}],"collection":[{"href":"https:\/\/www.outinhyvinvointi.fi\/index.php\/wp-json\/wp\/v2\/pages"}],"about":[{"href":"https:\/\/www.outinhyvinvointi.fi\/index.php\/wp-json\/wp\/v2\/types\/page"}],"author":[{"embeddable":true,"href":"https:\/\/www.outinhyvinvointi.fi\/index.php\/wp-json\/wp\/v2\/users\/1"}],"replies":[{"embeddable":true,"href":"https:\/\/www.outinhyvinvointi.fi\/index.php\/wp-json\/wp\/v2\/comments?post=297"}],"version-history":[{"count":19,"href":"https:\/\/www.outinhyvinvointi.fi\/index.php\/wp-json\/wp\/v2\/pages\/297\/revisions"}],"predecessor-version":[{"id":972,"href":"https:\/\/www.outinhyvinvointi.fi\/index.php\/wp-json\/wp\/v2\/pages\/297\/revisions\/972"}],"wp:attachment":[{"href":"https:\/\/www.outinhyvinvointi.fi\/index.php\/wp-json\/wp\/v2\/media?parent=297"}],"curies":[{"name":"wp","href":"https:\/\/api.w.org\/{rel}","templated":true}]}}