{"id":2,"date":"2019-06-05T11:39:57","date_gmt":"2019-06-05T11:39:57","guid":{"rendered":"https:\/\/www.outinhyvinvointi.fi\/?page_id=2"},"modified":"2024-07-03T20:03:24","modified_gmt":"2024-07-03T20:03:24","slug":"sample-page","status":"publish","type":"page","link":"https:\/\/www.outinhyvinvointi.fi\/","title":{"rendered":"Out In liikunta- ja hyvinvointipalvelut"},"content":{"rendered":"\n<p class=\"has-text-align-right has-small-font-size\"><\/p>\n\n\n<style>.wp-block-kadence-advancedbtn.kb-btns2_14c072-c5{gap:var(--global-kb-gap-xs, 0.5rem );justify-content:center;align-items:center;}.kt-btns2_14c072-c5 .kt-button{font-weight:normal;font-style:normal;}.kt-btns2_14c072-c5 .kt-btn-wrap-0{margin-right:5px;}.wp-block-kadence-advancedbtn.kt-btns2_14c072-c5 .kt-btn-wrap-0 .kt-button{color:#555555;border-color:#555555;}.wp-block-kadence-advancedbtn.kt-btns2_14c072-c5 .kt-btn-wrap-0 .kt-button:hover, .wp-block-kadence-advancedbtn.kt-btns2_14c072-c5 .kt-btn-wrap-0 .kt-button:focus{color:#ffffff;border-color:#444444;}.wp-block-kadence-advancedbtn.kt-btns2_14c072-c5 .kt-btn-wrap-0 .kt-button::before{display:none;}.wp-block-kadence-advancedbtn.kt-btns2_14c072-c5 .kt-btn-wrap-0 .kt-button:hover, .wp-block-kadence-advancedbtn.kt-btns2_14c072-c5 .kt-btn-wrap-0 .kt-button:focus{background:#444444;}<\/style>\n<div class=\"wp-block-kadence-advancedbtn kb-buttons-wrap kb-btns2_14c072-c5\"><style>ul.menu .wp-block-kadence-advancedbtn .kb-btn2_2efab2-d4.kb-button{width:initial;}.wp-block-kadence-advancedbtn .kb-btn2_2efab2-d4.kb-button{color:#ffffff;background:#d4cca7;border-top-left-radius:10px;box-shadow:1px 1px 2px 0px rgba(0, 0, 0, 0.2);}.wp-block-kadence-advancedbtn .kb-btn2_2efab2-d4.kb-button:hover, .wp-block-kadence-advancedbtn .kb-btn2_2efab2-d4.kb-button:focus{background:#ddd398;}@media all and (max-width: 1024px){.kb-btn2_2efab2-d4.kb-button .kb-svg-icon-wrap{display:block;}}<\/style><a class=\"kb-button kt-button button kb-btn2_2efab2-d4 kt-btn-size-large kt-btn-width-type-auto kb-btn-global-inherit kt-btn-has-text-true kt-btn-has-svg-false wp-block-button__link wp-block-kadence-singlebtn\" href=\"https:\/\/www.outinhyvinvointi.fi\/index.php\/yhteydenottolomake\/\"><span class=\"kt-btn-inner-text\">Ota yhteytt\u00e4<\/span><\/a>\n\n<style>ul.menu .wp-block-kadence-advancedbtn .kb-btn2_256586-61.kb-button{width:initial;}.wp-block-kadence-advancedbtn .kb-btn2_256586-61.kb-button{color:#ffffff;background:#d4cca7;border-top-left-radius:10px;box-shadow:1px 1px 2px 0px rgba(0, 0, 0, 0.2);}.wp-block-kadence-advancedbtn .kb-btn2_256586-61.kb-button:hover, .wp-block-kadence-advancedbtn .kb-btn2_256586-61.kb-button:focus{background:#ddd398;}@media all and (max-width: 1024px){.kb-btn2_256586-61.kb-button .kb-svg-icon-wrap{display:block;}}<\/style><a class=\"kb-button kt-button button kb-btn2_256586-61 kt-btn-size-large kt-btn-width-type-auto kb-btn-global-inherit kt-btn-has-text-true kt-btn-has-svg-false wp-block-button__link wp-block-kadence-singlebtn\" href=\"https:\/\/www.outinhyvinvointi.fi\/index.php\/uutiskirje\/\"><span class=\"kt-btn-inner-text\">Tilaa uutiskirje<\/span><\/a>\n\n<style>ul.menu .wp-block-kadence-advancedbtn .kb-btn2_79a2a9-5e.kb-button{width:initial;}.wp-block-kadence-advancedbtn .kb-btn2_79a2a9-5e.kb-button{color:#ffffff;background:#d4cca7;border-top-left-radius:10px;box-shadow:1px 1px 2px 0px rgba(0, 0, 0, 0.2);}.wp-block-kadence-advancedbtn .kb-btn2_79a2a9-5e.kb-button:hover, .wp-block-kadence-advancedbtn .kb-btn2_79a2a9-5e.kb-button:focus{background:#ddd398;}@media all and (max-width: 1024px){.kb-btn2_79a2a9-5e.kb-button .kb-svg-icon-wrap{display:block;}}<\/style><a class=\"kb-button kt-button button kb-btn2_79a2a9-5e kt-btn-size-large kt-btn-width-type-auto kb-btn-global-inherit kt-btn-has-text-true kt-btn-has-svg-false wp-block-button__link wp-block-kadence-singlebtn\" href=\"https:\/\/www.outinhyvinvointi.fi\/index.php\/ajankohtaista\/\"><span class=\"kt-btn-inner-text\">Ajankohtaista<\/span><\/a><\/div>\n","protected":false},"excerpt":{"rendered":"","protected":false},"author":1,"featured_media":0,"parent":0,"menu_order":0,"comment_status":"closed","ping_status":"open","template":"","meta":{"footnotes":""},"yoast_head":"<!-- This site is optimized with the Yoast SEO plugin v24.3 - https:\/\/yoast.com\/wordpress\/plugins\/seo\/ -->\n<title>Out In liikunta- ja hyvinvointipalvelut - Out In<\/title>\n<meta name=\"description\" content=\"Out In liikunta- ja hyvinvointipalvelut. Yin Jooga. Rentoutuminen. Ulkoilu. Yksil\u00f6valmennus. Polkujuoksu. Ty\u00f6hyvinvointi. Tyky-p\u00e4iv\u00e4. Tampere\" \/>\n<meta name=\"robots\" content=\"index, follow, max-snippet:-1, max-image-preview:large, max-video-preview:-1\" \/>\n<link rel=\"canonical\" href=\"https:\/\/www.outinhyvinvointi.fi\/\" \/>\n<meta property=\"og:locale\" content=\"fi_FI\" \/>\n<meta property=\"og:type\" content=\"article\" \/>\n<meta property=\"og:title\" content=\"Out In liikunta- ja hyvinvointipalvelut - Out In\" \/>\n<meta property=\"og:description\" content=\"Out In liikunta- ja hyvinvointipalvelut. Yin Jooga. Rentoutuminen. Ulkoilu. Yksil\u00f6valmennus. Polkujuoksu. Ty\u00f6hyvinvointi. Tyky-p\u00e4iv\u00e4. Tampere\" \/>\n<meta property=\"og:url\" content=\"https:\/\/www.outinhyvinvointi.fi\/\" \/>\n<meta property=\"og:site_name\" content=\"Out In\" \/>\n<meta property=\"article:modified_time\" content=\"2024-07-03T20:03:24+00:00\" \/>\n<meta name=\"twitter:card\" content=\"summary_large_image\" \/>\n<script type=\"application\/ld+json\" class=\"yoast-schema-graph\">{\"@context\":\"https:\/\/schema.org\",\"@graph\":[{\"@type\":\"WebPage\",\"@id\":\"https:\/\/www.outinhyvinvointi.fi\/\",\"url\":\"https:\/\/www.outinhyvinvointi.fi\/\",\"name\":\"Out In liikunta- ja hyvinvointipalvelut - Out In\",\"isPartOf\":{\"@id\":\"https:\/\/www.outinhyvinvointi.fi\/#website\"},\"datePublished\":\"2019-06-05T11:39:57+00:00\",\"dateModified\":\"2024-07-03T20:03:24+00:00\",\"description\":\"Out In liikunta- ja hyvinvointipalvelut. Yin Jooga. Rentoutuminen. Ulkoilu. Yksil\u00f6valmennus. Polkujuoksu. Ty\u00f6hyvinvointi. Tyky-p\u00e4iv\u00e4. Tampere\",\"breadcrumb\":{\"@id\":\"https:\/\/www.outinhyvinvointi.fi\/#breadcrumb\"},\"inLanguage\":\"fi\",\"potentialAction\":[{\"@type\":\"ReadAction\",\"target\":[\"https:\/\/www.outinhyvinvointi.fi\/\"]}]},{\"@type\":\"BreadcrumbList\",\"@id\":\"https:\/\/www.outinhyvinvointi.fi\/#breadcrumb\",\"itemListElement\":[{\"@type\":\"ListItem\",\"position\":1,\"name\":\"Etusivu\",\"item\":\"https:\/\/www.outinhyvinvointi.fi\/\"},{\"@type\":\"ListItem\",\"position\":2,\"name\":\"Out In liikunta- ja hyvinvointipalvelut\"}]},{\"@type\":\"WebSite\",\"@id\":\"https:\/\/www.outinhyvinvointi.fi\/#website\",\"url\":\"https:\/\/www.outinhyvinvointi.fi\/\",\"name\":\"Out In\",\"description\":\"Liikunta ja hyvinvointipalvelut\",\"publisher\":{\"@id\":\"https:\/\/www.outinhyvinvointi.fi\/#organization\"},\"potentialAction\":[{\"@type\":\"SearchAction\",\"target\":{\"@type\":\"EntryPoint\",\"urlTemplate\":\"https:\/\/www.outinhyvinvointi.fi\/?s={search_term_string}\"},\"query-input\":{\"@type\":\"PropertyValueSpecification\",\"valueRequired\":true,\"valueName\":\"search_term_string\"}}],\"inLanguage\":\"fi\"},{\"@type\":\"Organization\",\"@id\":\"https:\/\/www.outinhyvinvointi.fi\/#organization\",\"name\":\"Out In\",\"url\":\"https:\/\/www.outinhyvinvointi.fi\/\",\"logo\":{\"@type\":\"ImageObject\",\"inLanguage\":\"fi\",\"@id\":\"https:\/\/www.outinhyvinvointi.fi\/#\/schema\/logo\/image\/\",\"url\":\"https:\/\/www.outinhyvinvointi.fi\/wp-content\/uploads\/2022\/09\/cropped-Out-In-hyvinvointi-logo-2.png\",\"contentUrl\":\"https:\/\/www.outinhyvinvointi.fi\/wp-content\/uploads\/2022\/09\/cropped-Out-In-hyvinvointi-logo-2.png\",\"width\":300,\"height\":181,\"caption\":\"Out In\"},\"image\":{\"@id\":\"https:\/\/www.outinhyvinvointi.fi\/#\/schema\/logo\/image\/\"}}]}<\/script>\n<!-- \/ Yoast SEO plugin. -->","yoast_head_json":{"title":"Out In liikunta- ja hyvinvointipalvelut - Out In","description":"Out In liikunta- ja hyvinvointipalvelut. Yin Jooga. Rentoutuminen. Ulkoilu. Yksil\u00f6valmennus. Polkujuoksu. Ty\u00f6hyvinvointi. Tyky-p\u00e4iv\u00e4. Tampere","robots":{"index":"index","follow":"follow","max-snippet":"max-snippet:-1","max-image-preview":"max-image-preview:large","max-video-preview":"max-video-preview:-1"},"canonical":"https:\/\/www.outinhyvinvointi.fi\/","og_locale":"fi_FI","og_type":"article","og_title":"Out In liikunta- ja hyvinvointipalvelut - Out In","og_description":"Out In liikunta- ja hyvinvointipalvelut. Yin Jooga. Rentoutuminen. Ulkoilu. Yksil\u00f6valmennus. Polkujuoksu. Ty\u00f6hyvinvointi. Tyky-p\u00e4iv\u00e4. Tampere","og_url":"https:\/\/www.outinhyvinvointi.fi\/","og_site_name":"Out In","article_modified_time":"2024-07-03T20:03:24+00:00","twitter_card":"summary_large_image","schema":{"@context":"https:\/\/schema.org","@graph":[{"@type":"WebPage","@id":"https:\/\/www.outinhyvinvointi.fi\/","url":"https:\/\/www.outinhyvinvointi.fi\/","name":"Out In liikunta- ja hyvinvointipalvelut - Out In","isPartOf":{"@id":"https:\/\/www.outinhyvinvointi.fi\/#website"},"datePublished":"2019-06-05T11:39:57+00:00","dateModified":"2024-07-03T20:03:24+00:00","description":"Out In liikunta- ja hyvinvointipalvelut. Yin Jooga. Rentoutuminen. Ulkoilu. Yksil\u00f6valmennus. Polkujuoksu. Ty\u00f6hyvinvointi. Tyky-p\u00e4iv\u00e4. Tampere","breadcrumb":{"@id":"https:\/\/www.outinhyvinvointi.fi\/#breadcrumb"},"inLanguage":"fi","potentialAction":[{"@type":"ReadAction","target":["https:\/\/www.outinhyvinvointi.fi\/"]}]},{"@type":"BreadcrumbList","@id":"https:\/\/www.outinhyvinvointi.fi\/#breadcrumb","itemListElement":[{"@type":"ListItem","position":1,"name":"Etusivu","item":"https:\/\/www.outinhyvinvointi.fi\/"},{"@type":"ListItem","position":2,"name":"Out In liikunta- ja hyvinvointipalvelut"}]},{"@type":"WebSite","@id":"https:\/\/www.outinhyvinvointi.fi\/#website","url":"https:\/\/www.outinhyvinvointi.fi\/","name":"Out In","description":"Liikunta ja hyvinvointipalvelut","publisher":{"@id":"https:\/\/www.outinhyvinvointi.fi\/#organization"},"potentialAction":[{"@type":"SearchAction","target":{"@type":"EntryPoint","urlTemplate":"https:\/\/www.outinhyvinvointi.fi\/?s={search_term_string}"},"query-input":{"@type":"PropertyValueSpecification","valueRequired":true,"valueName":"search_term_string"}}],"inLanguage":"fi"},{"@type":"Organization","@id":"https:\/\/www.outinhyvinvointi.fi\/#organization","name":"Out In","url":"https:\/\/www.outinhyvinvointi.fi\/","logo":{"@type":"ImageObject","inLanguage":"fi","@id":"https:\/\/www.outinhyvinvointi.fi\/#\/schema\/logo\/image\/","url":"https:\/\/www.outinhyvinvointi.fi\/wp-content\/uploads\/2022\/09\/cropped-Out-In-hyvinvointi-logo-2.png","contentUrl":"https:\/\/www.outinhyvinvointi.fi\/wp-content\/uploads\/2022\/09\/cropped-Out-In-hyvinvointi-logo-2.png","width":300,"height":181,"caption":"Out In"},"image":{"@id":"https:\/\/www.outinhyvinvointi.fi\/#\/schema\/logo\/image\/"}}]}},"_links":{"self":[{"href":"https:\/\/www.outinhyvinvointi.fi\/index.php\/wp-json\/wp\/v2\/pages\/2"}],"collection":[{"href":"https:\/\/www.outinhyvinvointi.fi\/index.php\/wp-json\/wp\/v2\/pages"}],"about":[{"href":"https:\/\/www.outinhyvinvointi.fi\/index.php\/wp-json\/wp\/v2\/types\/page"}],"author":[{"embeddable":true,"href":"https:\/\/www.outinhyvinvointi.fi\/index.php\/wp-json\/wp\/v2\/users\/1"}],"replies":[{"embeddable":true,"href":"https:\/\/www.outinhyvinvointi.fi\/index.php\/wp-json\/wp\/v2\/comments?post=2"}],"version-history":[{"count":50,"href":"https:\/\/www.outinhyvinvointi.fi\/index.php\/wp-json\/wp\/v2\/pages\/2\/revisions"}],"predecessor-version":[{"id":1002,"href":"https:\/\/www.outinhyvinvointi.fi\/index.php\/wp-json\/wp\/v2\/pages\/2\/revisions\/1002"}],"wp:attachment":[{"href":"https:\/\/www.outinhyvinvointi.fi\/index.php\/wp-json\/wp\/v2\/media?parent=2"}],"curies":[{"name":"wp","href":"https:\/\/api.w.org\/{rel}","templated":true}]}}