{"id":100,"date":"2022-09-08T17:24:20","date_gmt":"2022-09-08T17:24:20","guid":{"rendered":"https:\/\/www.outinhyvinvointi.fi\/?page_id=100"},"modified":"2024-07-03T19:23:21","modified_gmt":"2024-07-03T19:23:21","slug":"yhteydenottolomake","status":"publish","type":"page","link":"https:\/\/www.outinhyvinvointi.fi\/index.php\/yhteydenottolomake\/","title":{"rendered":"YHTEYSLOMAKE"},"content":{"rendered":"\n<p class=\"has-medium-font-size\">L\u00e4het\u00e4 t\u00e4st\u00e4 minulle viesti\u00e4<\/p>\n\n\n\n<div class=\"wp-block-contact-form-7-contact-form-selector\">\n<div class=\"wpcf7 no-js\" id=\"wpcf7-f530-o1\" lang=\"fi\" dir=\"ltr\">\n<div class=\"screen-reader-response\"><p role=\"status\" aria-live=\"polite\" aria-atomic=\"true\"><\/p> <ul><\/ul><\/div>\n<form action=\"\/index.php\/wp-json\/wp\/v2\/pages\/100#wpcf7-f530-o1\" method=\"post\" class=\"wpcf7-form init\" aria-label=\"Yhteydenottolomake\" novalidate=\"novalidate\" data-status=\"init\">\n<div style=\"display: none;\">\n<input type=\"hidden\" name=\"_wpcf7\" value=\"530\" \/>\n<input type=\"hidden\" name=\"_wpcf7_version\" value=\"5.9.8\" \/>\n<input type=\"hidden\" name=\"_wpcf7_locale\" value=\"fi\" \/>\n<input type=\"hidden\" name=\"_wpcf7_unit_tag\" value=\"wpcf7-f530-o1\" \/>\n<input type=\"hidden\" name=\"_wpcf7_container_post\" value=\"0\" \/>\n<input type=\"hidden\" name=\"_wpcf7_posted_data_hash\" value=\"\" \/>\n<\/div>\n<p><label> Nimi (*)<br \/>\n<span class=\"wpcf7-form-control-wrap\" data-name=\"your-name\"><input size=\"40\" maxlength=\"400\" class=\"wpcf7-form-control wpcf7-text wpcf7-validates-as-required\" aria-required=\"true\" aria-invalid=\"false\" value=\"\" type=\"text\" name=\"your-name\" \/><\/span> <\/label>\n<\/p>\n<p><label> S\u00e4hk\u00f6posti (*)<br \/>\n<span class=\"wpcf7-form-control-wrap\" data-name=\"your-email\"><input size=\"40\" maxlength=\"400\" class=\"wpcf7-form-control wpcf7-email wpcf7-validates-as-required wpcf7-text wpcf7-validates-as-email\" aria-required=\"true\" aria-invalid=\"false\" value=\"\" type=\"email\" name=\"your-email\" \/><\/span> <\/label>\n<\/p>\n<p><label> Puhelin (*)<br \/>\n<span class=\"wpcf7-form-control-wrap\" data-name=\"tel-34\"><input size=\"40\" maxlength=\"400\" class=\"wpcf7-form-control wpcf7-tel wpcf7-text wpcf7-validates-as-tel\" aria-invalid=\"false\" value=\"\" type=\"tel\" name=\"tel-34\" \/><\/span> <\/label>\n<\/p>\n<p><label> Aihe (*)<br \/>\n<span class=\"wpcf7-form-control-wrap\" data-name=\"your-subject\"><input size=\"40\" maxlength=\"400\" class=\"wpcf7-form-control wpcf7-text wpcf7-validates-as-required\" aria-required=\"true\" aria-invalid=\"false\" value=\"\" type=\"text\" name=\"your-subject\" \/><\/span> <\/label>\n<\/p>\n<p><label> Viestisi (*)<br \/>\n<span class=\"wpcf7-form-control-wrap\" data-name=\"your-message\"><textarea cols=\"40\" rows=\"10\" maxlength=\"2000\" class=\"wpcf7-form-control wpcf7-textarea\" aria-invalid=\"false\" name=\"your-message\"><\/textarea><\/span> <\/label>\n<\/p>\n<p><label> Vastaa kysymykseen (*)<br \/>\n<span class=\"wpcf7-form-control-wrap\" data-name=\"quiz-509\"><label><span class=\"wpcf7-quiz-label\">Mik\u00e4 toinen v\u00e4ri on Suomen lipussa, valkoinen =?<\/span> <input size=\"40\" class=\"wpcf7-form-control wpcf7-quiz\" autocomplete=\"off\" aria-required=\"true\" aria-invalid=\"false\" type=\"text\" name=\"quiz-509\" \/><\/label><input type=\"hidden\" name=\"_wpcf7_quiz_answer_quiz-509\" value=\"15f8abf300ff92455431ed77dff96944\" \/><\/span> <\/label>\n<\/p>\n<p><input class=\"wpcf7-form-control wpcf7-submit has-spinner\" type=\"submit\" value=\"L\u00e4het\u00e4\" \/>\n<\/p><div class=\"wpcf7-response-output\" aria-hidden=\"true\"><\/div>\n<\/form>\n<\/div>\n<\/div>\n\n\n\n<hr class=\"wp-block-separator has-alpha-channel-opacity\"\/>\n\n\n\n<p style=\"font-size:16px\"><strong>Palvelut voi maksaa my\u00f6s liikuntaetuuksilla: edenred, e- passi ja smartum.&nbsp;<\/strong><\/p>\n\n\n\n<hr class=\"wp-block-separator has-alpha-channel-opacity\"\/>\n\n\n\n                <div class=\"ml-embedded\" data-form=\"G1nqpG\"><\/div>\n            \n\n\n\n<div style=\"height:33px\" aria-hidden=\"true\" class=\"wp-block-spacer\"><\/div>\n\n\n\n<div class=\"wp-block-file\"><a id=\"wp-block-file--media-3edb4add-dec3-466d-b74b-a5a5b9b4dc1d\" href=\"https:\/\/www.outinhyvinvointi.fi\/wp-content\/uploads\/2022\/10\/GDPR-Tietosuojaseloste-Out-In-Liikunta-ja-hyvinvointipalvelut-5.pdf\" target=\"_blank\" rel=\"noreferrer noopener\">GDPR-Tietosuojaseloste<\/a><a href=\"https:\/\/www.outinhyvinvointi.fi\/wp-content\/uploads\/2022\/10\/GDPR-Tietosuojaseloste-Out-In-Liikunta-ja-hyvinvointipalvelut-5.pdf\" class=\"wp-block-file__button wp-element-button\" download aria-describedby=\"wp-block-file--media-3edb4add-dec3-466d-b74b-a5a5b9b4dc1d\">Lataa<\/a><\/div>\n\n\n\n<p style=\"font-size:18px\">Out In  Liikunta- ja hyvinvointipalvelut<\/p>\n\n\n\n<p>Y-tunnus&nbsp;1920690-6<\/p>\n\n\n\n<p>Tampere<\/p>\n\n\n\n<p><a href=\"https:\/\/webmail.10.domainhotelli.fi\/\" target=\"_blank\" rel=\"noreferrer noopener\">\u2714<\/a><\/p>\n","protected":false},"excerpt":{"rendered":"<p>L\u00e4het\u00e4 t\u00e4st\u00e4 minulle viesti\u00e4 Palvelut voi maksaa my\u00f6s liikuntaetuuksilla: edenred, e- passi ja smartum.&nbsp; Out In Liikunta- ja hyvinvointipalvelut Y-tunnus&nbsp;1920690-6 Tampere \u2714<\/p>\n","protected":false},"author":1,"featured_media":0,"parent":0,"menu_order":0,"comment_status":"closed","ping_status":"closed","template":"","meta":{"footnotes":""},"yoast_head":"<!-- This site is optimized with the Yoast SEO plugin v24.3 - https:\/\/yoast.com\/wordpress\/plugins\/seo\/ -->\n<title>YHTEYSLOMAKE - Out In<\/title>\n<meta name=\"robots\" content=\"index, follow, max-snippet:-1, max-image-preview:large, max-video-preview:-1\" \/>\n<link rel=\"canonical\" href=\"https:\/\/www.outinhyvinvointi.fi\/index.php\/yhteydenottolomake\/\" \/>\n<meta property=\"og:locale\" content=\"fi_FI\" \/>\n<meta property=\"og:type\" content=\"article\" \/>\n<meta property=\"og:title\" content=\"YHTEYSLOMAKE - Out In\" \/>\n<meta property=\"og:description\" content=\"L\u00e4het\u00e4 t\u00e4st\u00e4 minulle viesti\u00e4 Palvelut voi maksaa my\u00f6s liikuntaetuuksilla: edenred, e- passi ja smartum.&nbsp; Out In Liikunta- ja hyvinvointipalvelut Y-tunnus&nbsp;1920690-6 Tampere \u2714\" \/>\n<meta property=\"og:url\" content=\"https:\/\/www.outinhyvinvointi.fi\/index.php\/yhteydenottolomake\/\" \/>\n<meta property=\"og:site_name\" content=\"Out In\" \/>\n<meta property=\"article:modified_time\" content=\"2024-07-03T19:23:21+00:00\" \/>\n<meta name=\"twitter:card\" content=\"summary_large_image\" \/>\n<meta name=\"twitter:label1\" content=\"Arvioitu lukuaika\" \/>\n\t<meta name=\"twitter:data1\" content=\"1 minuutti\" \/>\n<script type=\"application\/ld+json\" class=\"yoast-schema-graph\">{\"@context\":\"https:\/\/schema.org\",\"@graph\":[{\"@type\":\"WebPage\",\"@id\":\"https:\/\/www.outinhyvinvointi.fi\/index.php\/yhteydenottolomake\/\",\"url\":\"https:\/\/www.outinhyvinvointi.fi\/index.php\/yhteydenottolomake\/\",\"name\":\"YHTEYSLOMAKE - Out In\",\"isPartOf\":{\"@id\":\"https:\/\/www.outinhyvinvointi.fi\/#website\"},\"datePublished\":\"2022-09-08T17:24:20+00:00\",\"dateModified\":\"2024-07-03T19:23:21+00:00\",\"breadcrumb\":{\"@id\":\"https:\/\/www.outinhyvinvointi.fi\/index.php\/yhteydenottolomake\/#breadcrumb\"},\"inLanguage\":\"fi\",\"potentialAction\":[{\"@type\":\"ReadAction\",\"target\":[\"https:\/\/www.outinhyvinvointi.fi\/index.php\/yhteydenottolomake\/\"]}]},{\"@type\":\"BreadcrumbList\",\"@id\":\"https:\/\/www.outinhyvinvointi.fi\/index.php\/yhteydenottolomake\/#breadcrumb\",\"itemListElement\":[{\"@type\":\"ListItem\",\"position\":1,\"name\":\"Etusivu\",\"item\":\"https:\/\/www.outinhyvinvointi.fi\/\"},{\"@type\":\"ListItem\",\"position\":2,\"name\":\"YHTEYSLOMAKE\"}]},{\"@type\":\"WebSite\",\"@id\":\"https:\/\/www.outinhyvinvointi.fi\/#website\",\"url\":\"https:\/\/www.outinhyvinvointi.fi\/\",\"name\":\"Out In\",\"description\":\"Liikunta ja hyvinvointipalvelut\",\"publisher\":{\"@id\":\"https:\/\/www.outinhyvinvointi.fi\/#organization\"},\"potentialAction\":[{\"@type\":\"SearchAction\",\"target\":{\"@type\":\"EntryPoint\",\"urlTemplate\":\"https:\/\/www.outinhyvinvointi.fi\/?s={search_term_string}\"},\"query-input\":{\"@type\":\"PropertyValueSpecification\",\"valueRequired\":true,\"valueName\":\"search_term_string\"}}],\"inLanguage\":\"fi\"},{\"@type\":\"Organization\",\"@id\":\"https:\/\/www.outinhyvinvointi.fi\/#organization\",\"name\":\"Out In\",\"url\":\"https:\/\/www.outinhyvinvointi.fi\/\",\"logo\":{\"@type\":\"ImageObject\",\"inLanguage\":\"fi\",\"@id\":\"https:\/\/www.outinhyvinvointi.fi\/#\/schema\/logo\/image\/\",\"url\":\"https:\/\/www.outinhyvinvointi.fi\/wp-content\/uploads\/2022\/09\/cropped-Out-In-hyvinvointi-logo-2.png\",\"contentUrl\":\"https:\/\/www.outinhyvinvointi.fi\/wp-content\/uploads\/2022\/09\/cropped-Out-In-hyvinvointi-logo-2.png\",\"width\":300,\"height\":181,\"caption\":\"Out In\"},\"image\":{\"@id\":\"https:\/\/www.outinhyvinvointi.fi\/#\/schema\/logo\/image\/\"}}]}<\/script>\n<!-- \/ Yoast SEO plugin. -->","yoast_head_json":{"title":"YHTEYSLOMAKE - Out In","robots":{"index":"index","follow":"follow","max-snippet":"max-snippet:-1","max-image-preview":"max-image-preview:large","max-video-preview":"max-video-preview:-1"},"canonical":"https:\/\/www.outinhyvinvointi.fi\/index.php\/yhteydenottolomake\/","og_locale":"fi_FI","og_type":"article","og_title":"YHTEYSLOMAKE - Out In","og_description":"L\u00e4het\u00e4 t\u00e4st\u00e4 minulle viesti\u00e4 Palvelut voi maksaa my\u00f6s liikuntaetuuksilla: edenred, e- passi ja smartum.&nbsp; Out In Liikunta- ja hyvinvointipalvelut Y-tunnus&nbsp;1920690-6 Tampere \u2714","og_url":"https:\/\/www.outinhyvinvointi.fi\/index.php\/yhteydenottolomake\/","og_site_name":"Out In","article_modified_time":"2024-07-03T19:23:21+00:00","twitter_card":"summary_large_image","twitter_misc":{"Arvioitu lukuaika":"1 minuutti"},"schema":{"@context":"https:\/\/schema.org","@graph":[{"@type":"WebPage","@id":"https:\/\/www.outinhyvinvointi.fi\/index.php\/yhteydenottolomake\/","url":"https:\/\/www.outinhyvinvointi.fi\/index.php\/yhteydenottolomake\/","name":"YHTEYSLOMAKE - Out In","isPartOf":{"@id":"https:\/\/www.outinhyvinvointi.fi\/#website"},"datePublished":"2022-09-08T17:24:20+00:00","dateModified":"2024-07-03T19:23:21+00:00","breadcrumb":{"@id":"https:\/\/www.outinhyvinvointi.fi\/index.php\/yhteydenottolomake\/#breadcrumb"},"inLanguage":"fi","potentialAction":[{"@type":"ReadAction","target":["https:\/\/www.outinhyvinvointi.fi\/index.php\/yhteydenottolomake\/"]}]},{"@type":"BreadcrumbList","@id":"https:\/\/www.outinhyvinvointi.fi\/index.php\/yhteydenottolomake\/#breadcrumb","itemListElement":[{"@type":"ListItem","position":1,"name":"Etusivu","item":"https:\/\/www.outinhyvinvointi.fi\/"},{"@type":"ListItem","position":2,"name":"YHTEYSLOMAKE"}]},{"@type":"WebSite","@id":"https:\/\/www.outinhyvinvointi.fi\/#website","url":"https:\/\/www.outinhyvinvointi.fi\/","name":"Out In","description":"Liikunta ja hyvinvointipalvelut","publisher":{"@id":"https:\/\/www.outinhyvinvointi.fi\/#organization"},"potentialAction":[{"@type":"SearchAction","target":{"@type":"EntryPoint","urlTemplate":"https:\/\/www.outinhyvinvointi.fi\/?s={search_term_string}"},"query-input":{"@type":"PropertyValueSpecification","valueRequired":true,"valueName":"search_term_string"}}],"inLanguage":"fi"},{"@type":"Organization","@id":"https:\/\/www.outinhyvinvointi.fi\/#organization","name":"Out In","url":"https:\/\/www.outinhyvinvointi.fi\/","logo":{"@type":"ImageObject","inLanguage":"fi","@id":"https:\/\/www.outinhyvinvointi.fi\/#\/schema\/logo\/image\/","url":"https:\/\/www.outinhyvinvointi.fi\/wp-content\/uploads\/2022\/09\/cropped-Out-In-hyvinvointi-logo-2.png","contentUrl":"https:\/\/www.outinhyvinvointi.fi\/wp-content\/uploads\/2022\/09\/cropped-Out-In-hyvinvointi-logo-2.png","width":300,"height":181,"caption":"Out In"},"image":{"@id":"https:\/\/www.outinhyvinvointi.fi\/#\/schema\/logo\/image\/"}}]}},"_links":{"self":[{"href":"https:\/\/www.outinhyvinvointi.fi\/index.php\/wp-json\/wp\/v2\/pages\/100"}],"collection":[{"href":"https:\/\/www.outinhyvinvointi.fi\/index.php\/wp-json\/wp\/v2\/pages"}],"about":[{"href":"https:\/\/www.outinhyvinvointi.fi\/index.php\/wp-json\/wp\/v2\/types\/page"}],"author":[{"embeddable":true,"href":"https:\/\/www.outinhyvinvointi.fi\/index.php\/wp-json\/wp\/v2\/users\/1"}],"replies":[{"embeddable":true,"href":"https:\/\/www.outinhyvinvointi.fi\/index.php\/wp-json\/wp\/v2\/comments?post=100"}],"version-history":[{"count":24,"href":"https:\/\/www.outinhyvinvointi.fi\/index.php\/wp-json\/wp\/v2\/pages\/100\/revisions"}],"predecessor-version":[{"id":949,"href":"https:\/\/www.outinhyvinvointi.fi\/index.php\/wp-json\/wp\/v2\/pages\/100\/revisions\/949"}],"wp:attachment":[{"href":"https:\/\/www.outinhyvinvointi.fi\/index.php\/wp-json\/wp\/v2\/media?parent=100"}],"curies":[{"name":"wp","href":"https:\/\/api.w.org\/{rel}","templated":true}]}}